{"id":2297,"date":"2026-02-02T16:37:05","date_gmt":"2026-02-02T09:37:05","guid":{"rendered":"https:\/\/grandplazahanoi.com\/?page_id=2297"},"modified":"2026-03-19T09:27:37","modified_gmt":"2026-03-19T02:27:37","slug":"chinh-sach-cookie","status":"publish","type":"page","link":"https:\/\/grandplazahanoi.com\/vi\/chinh-sach-cookie\/","title":{"rendered":"Ch\u00ednh s\u00e1ch Cookie"},"content":{"rendered":"<p>T\u1ea1i Kh\u00e1ch s\u1ea1n Grand Plaza H\u00e0 N\u1ed9i, ch\u00fang t\u00f4i cam k\u1ebft b\u1ea3o v\u1ec7 quy\u1ec1n ri\u00eang t\u01b0 c\u1ee7a b\u1ea1n v\u00e0 mang \u0111\u1ebfn tr\u1ea3i nghi\u1ec7m t\u1ed1t nh\u1ea5t khi b\u1ea1n truy c\u1eadp website c\u1ee7a ch\u00fang t\u00f4i. Ch\u00ednh s\u00e1ch n\u00e0y gi\u1ea3i th\u00edch c\u00e1ch ch\u00fang t\u00f4i s\u1eed d\u1ee5ng cookie \u0111\u1ec3 t\u1ed1i \u01b0u h\u00f3a d\u1ecbch v\u1ee5 v\u00e0 \u0111\u1ea3m b\u1ea3o tr\u1ea3i nghi\u1ec7m duy\u1ec7t web li\u1ec1n m\u1ea1ch.<\/p>\n<h3>1. Cookie l\u00e0 g\u00ec?<\/h3>\n<p>Cookie l\u00e0 c\u00e1c t\u1ec7p d\u1eef li\u1ec7u nh\u1ecf \u0111\u01b0\u1ee3c l\u01b0u tr\u1eef tr\u00ean thi\u1ebft b\u1ecb c\u1ee7a b\u1ea1n khi b\u1ea1n truy c\u1eadp website, cho ph\u00e9p h\u1ec7 th\u1ed1ng ghi nh\u1edb th\u00f4ng tin v\u00e0 ho\u1ea1t \u0111\u1ed9ng hi\u1ec7u qu\u1ea3 h\u01a1n.<\/p>\n<h3>2. Ch\u00fang t\u00f4i s\u1eed d\u1ee5ng Cookie nh\u01b0 th\u1ebf n\u00e0o?<\/h3>\n<p>Cookie gi\u00fap website ghi nh\u1edb c\u00e1c thao t\u00e1c v\u00e0 t\u00f9y ch\u1ecdn c\u00e1 nh\u00e2n c\u1ee7a b\u1ea1n (nh\u01b0 th\u00f4ng tin \u0111\u0103ng nh\u1eadp, ng\u00f4n ng\u1eef, c\u1ee1 ch\u1eef v\u00e0 c\u00e1c t\u00f9y ch\u1ecdn hi\u1ec3n th\u1ecb kh\u00e1c) trong m\u1ed9t kho\u1ea3ng th\u1eddi gian, \u0111\u1ec3 b\u1ea1n kh\u00f4ng c\u1ea7n nh\u1eadp l\u1ea1i m\u1ed7i khi quay l\u1ea1i trang web.<\/p>\n<p>Ngo\u00e0i ra, cookie cho ph\u00e9p ch\u00fang t\u00f4i thu th\u1eadp d\u1eef li\u1ec7u t\u1ed5ng h\u1ee3p v\u1ec1 h\u00e0nh vi ng\u01b0\u1eddi d\u00f9ng nh\u1eb1m ph\u00e2n t\u00edch hi\u1ec7u su\u1ea5t website, c\u1ea3i thi\u1ec7n n\u1ed9i dung v\u00e0 t\u1ed1i \u01b0u tr\u1ea3i nghi\u1ec7m kh\u00e1ch h\u00e0ng. M\u1ed9t s\u1ed1 cookie \u0111\u01b0\u1ee3c s\u1eed d\u1ee5ng cho m\u1ee5c \u0111\u00edch marketing nh\u1eb1m hi\u1ec3n th\u1ecb th\u00f4ng tin, \u01b0u \u0111\u00e3i v\u00e0 qu\u1ea3ng c\u00e1o ph\u00f9 h\u1ee3p v\u1edbi s\u1edf th\u00edch c\u1ee7a b\u1ea1n.<\/p>\n<h3>3. Cookie c\u1ee7a b\u00ean th\u1ee9 ba<\/h3>\n<p>Website c\u1ee7a ch\u00fang t\u00f4i c\u00f3 th\u1ec3 s\u1eed d\u1ee5ng cookie t\u1eeb c\u00e1c \u0111\u1ed1i t\u00e1c b\u00ean th\u1ee9 ba nh\u01b0 c\u00f4ng c\u1ee5 ph\u00e2n t\u00edch, n\u1ec1n t\u1ea3ng qu\u1ea3ng c\u00e1o v\u00e0 d\u1ecbch v\u1ee5 m\u1ea1ng x\u00e3 h\u1ed9i. C\u00e1c b\u00ean n\u00e0y c\u00f3 th\u1ec3 x\u1eed l\u00fd d\u1eef li\u1ec7u theo ch\u00ednh s\u00e1ch ri\u00eang c\u1ee7a h\u1ecd. Ch\u00fang t\u00f4i kh\u00f4ng ki\u1ec3m so\u00e1t v\u00e0 kh\u00f4ng ch\u1ecbu tr\u00e1ch nhi\u1ec7m v\u1ec1 c\u00e1ch h\u1ecd x\u1eed l\u00fd d\u1eef li\u1ec7u.<\/p>\n<p>Website c\u1ee7a ch\u00fang t\u00f4i c\u0169ng c\u00f3 th\u1ec3 ch\u1ee9a li\u00ean k\u1ebft \u0111\u1ebfn c\u00e1c website b\u00ean ngo\u00e0i. Khi b\u1ea1n truy c\u1eadp c\u00e1c li\u00ean k\u1ebft n\u00e0y, Ch\u00ednh s\u00e1ch Cookie c\u1ee7a ch\u00fang t\u00f4i s\u1ebd kh\u00f4ng c\u00f2n \u00e1p d\u1ee5ng. Ch\u00fang t\u00f4i kh\u00f4ng ch\u1ecbu tr\u00e1ch nhi\u1ec7m v\u1ec1 vi\u1ec7c c\u00e1c website b\u00ean th\u1ee9 ba thu th\u1eadp ho\u1eb7c s\u1eed d\u1ee5ng th\u00f4ng tin c\u00e1 nh\u00e2n c\u1ee7a b\u1ea1n.<\/p>\n<h3>4. C\u00e1ch ki\u1ec3m so\u00e1t v\u00e0 x\u00f3a Cookie<\/h3>\n<p>N\u1ebfu b\u1ea1n mu\u1ed1n ki\u1ec3m so\u00e1t vi\u1ec7c s\u1eed d\u1ee5ng cookie tr\u00ean website c\u1ee7a ch\u00fang t\u00f4i, b\u1ea1n c\u00f3 th\u1ec3 \u0111i\u1ec1u ch\u1ec9nh c\u00e0i \u0111\u1eb7t tr\u00ean tr\u00ecnh duy\u1ec7t Internet c\u1ee7a m\u00ecnh. B\u1ea1n c\u00f3 th\u1ec3 cho ph\u00e9p, ch\u1eb7n ho\u1eb7c x\u00f3a cookie b\u1eb1ng c\u00e1ch thay \u0111\u1ed5i t\u00f9y ch\u1ecdn tr\u00ecnh duy\u1ec7t tr\u00ean m\u00e1y t\u00ednh c\u1ee7a m\u00ecnh. Vui l\u00f2ng tham kh\u1ea3o c\u00e1c h\u01b0\u1edbng d\u1eabn sau cho t\u1eebng tr\u00ecnh duy\u1ec7t:<\/p>\n<p><strong>Firefox<\/strong>: https:\/\/support.mozilla.org\/es\/kb\/habilitar-y-deshabilitar-cookies-sitios-web<\/p>\n<p><strong>Chrome<\/strong>: https:\/\/support.google.com\/accounts\/answer\/61416?hl=es<\/p>\n<p><strong>Microsoft Edge<\/strong>: https:\/\/support.microsoft.com\/en-us\/microsoft-edge\/delete-cookies-in-microsoft-edge-63947406-40ac-c3b8-57b9-2a346eb8278a<\/p>\n<p><strong>Safari<\/strong>: https:\/\/support.apple.com\/es-es\/guide\/safari\/sfri11471\/mac<\/p>\n<p><strong>Opera<\/strong>: https:\/\/help.opera.com\/Windows\/11.50\/es-ES\/cookies.html<\/p>\n","protected":false},"excerpt":{"rendered":"<p>T\u1ea1i Kh\u00e1ch s\u1ea1n Grand Plaza H\u00e0 N\u1ed9i, ch\u00fang t\u00f4i cam k\u1ebft b\u1ea3o v\u1ec7 quy\u1ec1n ri\u00eang t\u01b0 c\u1ee7a b\u1ea1n v\u00e0 mang \u0111\u1ebfn tr\u1ea3i nghi\u1ec7m t\u1ed1t nh\u1ea5t khi b\u1ea1n truy c\u1eadp website c\u1ee7a ch\u00fang t\u00f4i. Ch\u00ednh s\u00e1ch n\u00e0y gi\u1ea3i th\u00edch c\u00e1ch ch\u00fang t\u00f4i s\u1eed d\u1ee5ng cookie \u0111\u1ec3 t\u1ed1i \u01b0u h\u00f3a d\u1ecbch v\u1ee5 v\u00e0 \u0111\u1ea3m b\u1ea3o tr\u1ea3i nghi\u1ec7m [&hellip;]<\/p>\n","protected":false},"author":1,"featured_media":0,"parent":0,"menu_order":0,"comment_status":"closed","ping_status":"closed","template":"","meta":{"_acf_changed":false,"inline_featured_image":false,"footnotes":""},"class_list":["post-2297","page","type-page","status-publish","hentry"],"acf":[],"yoast_head":"<!-- This site is optimized with the Yoast SEO plugin v27.3 - https:\/\/yoast.com\/product\/yoast-seo-wordpress\/ -->\n<title>Ch\u00ednh s\u00e1ch Cookie - Grand Plaza Hotel Hanoi<\/title>\n<meta name=\"robots\" content=\"index, follow, max-snippet:-1, max-image-preview:large, max-video-preview:-1\" \/>\n<link rel=\"canonical\" href=\"https:\/\/grandplazahanoi.com\/vi\/chinh-sach-cookie\/\" \/>\n<meta property=\"og:locale\" content=\"vi_VN\" \/>\n<meta property=\"og:type\" content=\"article\" \/>\n<meta property=\"og:title\" content=\"Ch\u00ednh s\u00e1ch Cookie - Grand Plaza Hotel Hanoi\" \/>\n<meta property=\"og:description\" content=\"T\u1ea1i Kh\u00e1ch s\u1ea1n Grand Plaza H\u00e0 N\u1ed9i, ch\u00fang t\u00f4i cam k\u1ebft b\u1ea3o v\u1ec7 quy\u1ec1n ri\u00eang t\u01b0 c\u1ee7a b\u1ea1n v\u00e0 mang \u0111\u1ebfn tr\u1ea3i nghi\u1ec7m t\u1ed1t nh\u1ea5t khi b\u1ea1n truy c\u1eadp website c\u1ee7a ch\u00fang t\u00f4i. Ch\u00ednh s\u00e1ch n\u00e0y gi\u1ea3i th\u00edch c\u00e1ch ch\u00fang t\u00f4i s\u1eed d\u1ee5ng cookie \u0111\u1ec3 t\u1ed1i \u01b0u h\u00f3a d\u1ecbch v\u1ee5 v\u00e0 \u0111\u1ea3m b\u1ea3o tr\u1ea3i nghi\u1ec7m [&hellip;]\" \/>\n<meta property=\"og:url\" content=\"https:\/\/grandplazahanoi.com\/vi\/chinh-sach-cookie\/\" \/>\n<meta property=\"og:site_name\" content=\"Grand Plaza Hotel Hanoi\" \/>\n<meta property=\"article:publisher\" content=\"https:\/\/www.facebook.com\/grandplazahotelhanoi\/\" \/>\n<meta property=\"article:modified_time\" content=\"2026-03-19T02:27:37+00:00\" \/>\n<meta property=\"og:image\" content=\"https:\/\/grandplazahanoi.com\/wp-content\/uploads\/2026\/02\/Anh-share-mac-dinh.webp\" \/>\n\t<meta property=\"og:image:width\" content=\"900\" \/>\n\t<meta property=\"og:image:height\" content=\"675\" \/>\n\t<meta property=\"og:image:type\" content=\"image\/webp\" \/>\n<meta name=\"twitter:card\" content=\"summary_large_image\" \/>\n<meta name=\"twitter:label1\" content=\"Est. reading time\" \/>\n\t<meta name=\"twitter:data1\" content=\"2 minutes\" \/>\n<script type=\"application\/ld+json\" class=\"yoast-schema-graph\">{\"@context\":\"https:\\\/\\\/schema.org\",\"@graph\":[{\"@type\":\"WebPage\",\"@id\":\"https:\\\/\\\/grandplazahanoi.com\\\/vi\\\/chinh-sach-cookie\\\/\",\"url\":\"https:\\\/\\\/grandplazahanoi.com\\\/vi\\\/chinh-sach-cookie\\\/\",\"name\":\"Ch\u00ednh s\u00e1ch Cookie - Grand Plaza Hotel Hanoi\",\"isPartOf\":{\"@id\":\"https:\\\/\\\/grandplazahanoi.com\\\/vi\\\/#website\"},\"datePublished\":\"2026-02-02T09:37:05+00:00\",\"dateModified\":\"2026-03-19T02:27:37+00:00\",\"breadcrumb\":{\"@id\":\"https:\\\/\\\/grandplazahanoi.com\\\/vi\\\/chinh-sach-cookie\\\/#breadcrumb\"},\"inLanguage\":\"vi-VN\",\"potentialAction\":[{\"@type\":\"ReadAction\",\"target\":[\"https:\\\/\\\/grandplazahanoi.com\\\/vi\\\/chinh-sach-cookie\\\/\"]}]},{\"@type\":\"BreadcrumbList\",\"@id\":\"https:\\\/\\\/grandplazahanoi.com\\\/vi\\\/chinh-sach-cookie\\\/#breadcrumb\",\"itemListElement\":[{\"@type\":\"ListItem\",\"position\":1,\"name\":\"Trang ch\u1ee7\",\"item\":\"https:\\\/\\\/grandplazahanoi.com\\\/vi\\\/\"},{\"@type\":\"ListItem\",\"position\":2,\"name\":\"Ch\u00ednh s\u00e1ch Cookie\"}]},{\"@type\":\"WebSite\",\"@id\":\"https:\\\/\\\/grandplazahanoi.com\\\/vi\\\/#website\",\"url\":\"https:\\\/\\\/grandplazahanoi.com\\\/vi\\\/\",\"name\":\"Grand Plaza Hotel\",\"description\":\"Grand Plaza Hanoi stands as a beacon of sophistication and comfort in Vietnam\u2019s vibrant capital\",\"publisher\":{\"@id\":\"https:\\\/\\\/grandplazahanoi.com\\\/vi\\\/#organization\"},\"potentialAction\":[{\"@type\":\"SearchAction\",\"target\":{\"@type\":\"EntryPoint\",\"urlTemplate\":\"https:\\\/\\\/grandplazahanoi.com\\\/vi\\\/?s={search_term_string}\"},\"query-input\":{\"@type\":\"PropertyValueSpecification\",\"valueRequired\":true,\"valueName\":\"search_term_string\"}}],\"inLanguage\":\"vi-VN\"},{\"@type\":\"Organization\",\"@id\":\"https:\\\/\\\/grandplazahanoi.com\\\/vi\\\/#organization\",\"name\":\"Grand Plaza Hotel\",\"url\":\"https:\\\/\\\/grandplazahanoi.com\\\/vi\\\/\",\"logo\":{\"@type\":\"ImageObject\",\"inLanguage\":\"vi-VN\",\"@id\":\"https:\\\/\\\/grandplazahanoi.com\\\/vi\\\/#\\\/schema\\\/logo\\\/image\\\/\",\"url\":\"https:\\\/\\\/grandplazahanoi.com\\\/wp-content\\\/uploads\\\/2026\\\/02\\\/h_logo.svg\",\"contentUrl\":\"https:\\\/\\\/grandplazahanoi.com\\\/wp-content\\\/uploads\\\/2026\\\/02\\\/h_logo.svg\",\"width\":655,\"height\":500,\"caption\":\"Grand Plaza Hotel\"},\"image\":{\"@id\":\"https:\\\/\\\/grandplazahanoi.com\\\/vi\\\/#\\\/schema\\\/logo\\\/image\\\/\"},\"sameAs\":[\"https:\\\/\\\/www.facebook.com\\\/grandplazahotelhanoi\\\/\"]}]}<\/script>\n<!-- \/ Yoast SEO plugin. -->","yoast_head_json":{"title":"Ch\u00ednh s\u00e1ch Cookie - Grand Plaza Hotel Hanoi","robots":{"index":"index","follow":"follow","max-snippet":"max-snippet:-1","max-image-preview":"max-image-preview:large","max-video-preview":"max-video-preview:-1"},"canonical":"https:\/\/grandplazahanoi.com\/vi\/chinh-sach-cookie\/","og_locale":"vi_VN","og_type":"article","og_title":"Ch\u00ednh s\u00e1ch Cookie - Grand Plaza Hotel Hanoi","og_description":"T\u1ea1i Kh\u00e1ch s\u1ea1n Grand Plaza H\u00e0 N\u1ed9i, ch\u00fang t\u00f4i cam k\u1ebft b\u1ea3o v\u1ec7 quy\u1ec1n ri\u00eang t\u01b0 c\u1ee7a b\u1ea1n v\u00e0 mang \u0111\u1ebfn tr\u1ea3i nghi\u1ec7m t\u1ed1t nh\u1ea5t khi b\u1ea1n truy c\u1eadp website c\u1ee7a ch\u00fang t\u00f4i. Ch\u00ednh s\u00e1ch n\u00e0y gi\u1ea3i th\u00edch c\u00e1ch ch\u00fang t\u00f4i s\u1eed d\u1ee5ng cookie \u0111\u1ec3 t\u1ed1i \u01b0u h\u00f3a d\u1ecbch v\u1ee5 v\u00e0 \u0111\u1ea3m b\u1ea3o tr\u1ea3i nghi\u1ec7m [&hellip;]","og_url":"https:\/\/grandplazahanoi.com\/vi\/chinh-sach-cookie\/","og_site_name":"Grand Plaza Hotel Hanoi","article_publisher":"https:\/\/www.facebook.com\/grandplazahotelhanoi\/","article_modified_time":"2026-03-19T02:27:37+00:00","og_image":[{"width":900,"height":675,"url":"https:\/\/grandplazahanoi.com\/wp-content\/uploads\/2026\/02\/Anh-share-mac-dinh.webp","type":"image\/webp"}],"twitter_card":"summary_large_image","twitter_misc":{"Est. reading time":"2 minutes"},"schema":{"@context":"https:\/\/schema.org","@graph":[{"@type":"WebPage","@id":"https:\/\/grandplazahanoi.com\/vi\/chinh-sach-cookie\/","url":"https:\/\/grandplazahanoi.com\/vi\/chinh-sach-cookie\/","name":"Ch\u00ednh s\u00e1ch Cookie - Grand Plaza Hotel Hanoi","isPartOf":{"@id":"https:\/\/grandplazahanoi.com\/vi\/#website"},"datePublished":"2026-02-02T09:37:05+00:00","dateModified":"2026-03-19T02:27:37+00:00","breadcrumb":{"@id":"https:\/\/grandplazahanoi.com\/vi\/chinh-sach-cookie\/#breadcrumb"},"inLanguage":"vi-VN","potentialAction":[{"@type":"ReadAction","target":["https:\/\/grandplazahanoi.com\/vi\/chinh-sach-cookie\/"]}]},{"@type":"BreadcrumbList","@id":"https:\/\/grandplazahanoi.com\/vi\/chinh-sach-cookie\/#breadcrumb","itemListElement":[{"@type":"ListItem","position":1,"name":"Trang ch\u1ee7","item":"https:\/\/grandplazahanoi.com\/vi\/"},{"@type":"ListItem","position":2,"name":"Ch\u00ednh s\u00e1ch Cookie"}]},{"@type":"WebSite","@id":"https:\/\/grandplazahanoi.com\/vi\/#website","url":"https:\/\/grandplazahanoi.com\/vi\/","name":"Grand Plaza Hotel","description":"Grand Plaza Hanoi stands as a beacon of sophistication and comfort in Vietnam\u2019s vibrant capital","publisher":{"@id":"https:\/\/grandplazahanoi.com\/vi\/#organization"},"potentialAction":[{"@type":"SearchAction","target":{"@type":"EntryPoint","urlTemplate":"https:\/\/grandplazahanoi.com\/vi\/?s={search_term_string}"},"query-input":{"@type":"PropertyValueSpecification","valueRequired":true,"valueName":"search_term_string"}}],"inLanguage":"vi-VN"},{"@type":"Organization","@id":"https:\/\/grandplazahanoi.com\/vi\/#organization","name":"Grand Plaza Hotel","url":"https:\/\/grandplazahanoi.com\/vi\/","logo":{"@type":"ImageObject","inLanguage":"vi-VN","@id":"https:\/\/grandplazahanoi.com\/vi\/#\/schema\/logo\/image\/","url":"https:\/\/grandplazahanoi.com\/wp-content\/uploads\/2026\/02\/h_logo.svg","contentUrl":"https:\/\/grandplazahanoi.com\/wp-content\/uploads\/2026\/02\/h_logo.svg","width":655,"height":500,"caption":"Grand Plaza Hotel"},"image":{"@id":"https:\/\/grandplazahanoi.com\/vi\/#\/schema\/logo\/image\/"},"sameAs":["https:\/\/www.facebook.com\/grandplazahotelhanoi\/"]}]}},"_links":{"self":[{"href":"https:\/\/grandplazahanoi.com\/vi\/wp-json\/wp\/v2\/pages\/2297","targetHints":{"allow":["GET"]}}],"collection":[{"href":"https:\/\/grandplazahanoi.com\/vi\/wp-json\/wp\/v2\/pages"}],"about":[{"href":"https:\/\/grandplazahanoi.com\/vi\/wp-json\/wp\/v2\/types\/page"}],"author":[{"embeddable":true,"href":"https:\/\/grandplazahanoi.com\/vi\/wp-json\/wp\/v2\/users\/1"}],"replies":[{"embeddable":true,"href":"https:\/\/grandplazahanoi.com\/vi\/wp-json\/wp\/v2\/comments?post=2297"}],"version-history":[{"count":0,"href":"https:\/\/grandplazahanoi.com\/vi\/wp-json\/wp\/v2\/pages\/2297\/revisions"}],"wp:attachment":[{"href":"https:\/\/grandplazahanoi.com\/vi\/wp-json\/wp\/v2\/media?parent=2297"}],"curies":[{"name":"wp","href":"https:\/\/api.w.org\/{rel}","templated":true}]}}