{"id":2293,"date":"2026-02-04T09:03:53","date_gmt":"2026-02-04T02:03:53","guid":{"rendered":"https:\/\/grandplazahanoi.com\/?page_id=2293"},"modified":"2026-03-19T09:15:41","modified_gmt":"2026-03-19T02:15:41","slug":"vi-tri","status":"publish","type":"page","link":"https:\/\/grandplazahanoi.com\/vi\/vi-tri\/","title":{"rendered":"V\u1ecb tr\u00ed"},"content":{"rendered":"<p>T\u1ecda l\u1ea1c thu\u1eadn ti\u1ec7n t\u1ea1i trung t\u00e2m H\u00e0 N\u1ed9i, Grand Plaza Hotel Hanoi mang \u0111\u1ebfn kh\u1ea3 n\u0103ng k\u1ebft n\u1ed1i d\u1ec5 d\u00e0ng \u0111\u1ebfn c\u00e1c khu v\u1ef1c kinh doanh, mua s\u1eafm v\u00e0 c\u00e1c \u0111i\u1ec3m tham quan v\u0103n h\u00f3a c\u1ee7a th\u00e0nh ph\u1ed1.<\/p>\n","protected":false},"excerpt":{"rendered":"<p>T\u1ecda l\u1ea1c thu\u1eadn ti\u1ec7n t\u1ea1i trung t\u00e2m H\u00e0 N\u1ed9i, Grand Plaza Hotel Hanoi mang \u0111\u1ebfn kh\u1ea3 n\u0103ng k\u1ebft n\u1ed1i d\u1ec5 d\u00e0ng \u0111\u1ebfn c\u00e1c khu v\u1ef1c kinh doanh, mua s\u1eafm v\u00e0 c\u00e1c \u0111i\u1ec3m tham quan v\u0103n h\u00f3a c\u1ee7a th\u00e0nh ph\u1ed1.<\/p>\n","protected":false},"author":1,"featured_media":0,"parent":0,"menu_order":0,"comment_status":"closed","ping_status":"closed","template":"templates\/page-location.php","meta":{"_acf_changed":false,"inline_featured_image":false,"footnotes":""},"class_list":["post-2293","page","type-page","status-publish","hentry"],"acf":[],"yoast_head":"<!-- This site is optimized with the Yoast SEO plugin v27.3 - https:\/\/yoast.com\/product\/yoast-seo-wordpress\/ -->\n<title>V\u1ecb tr\u00ed - Grand Plaza Hotel Hanoi<\/title>\n<meta name=\"robots\" content=\"index, follow, max-snippet:-1, max-image-preview:large, max-video-preview:-1\" \/>\n<link rel=\"canonical\" href=\"https:\/\/grandplazahanoi.com\/vi\/vi-tri\/\" \/>\n<meta property=\"og:locale\" content=\"vi_VN\" \/>\n<meta property=\"og:type\" content=\"article\" \/>\n<meta property=\"og:title\" content=\"V\u1ecb tr\u00ed - Grand Plaza Hotel Hanoi\" \/>\n<meta property=\"og:description\" content=\"T\u1ecda l\u1ea1c thu\u1eadn ti\u1ec7n t\u1ea1i trung t\u00e2m H\u00e0 N\u1ed9i, Grand Plaza Hotel Hanoi mang \u0111\u1ebfn kh\u1ea3 n\u0103ng k\u1ebft n\u1ed1i d\u1ec5 d\u00e0ng \u0111\u1ebfn c\u00e1c khu v\u1ef1c kinh doanh, mua s\u1eafm v\u00e0 c\u00e1c \u0111i\u1ec3m tham quan v\u0103n h\u00f3a c\u1ee7a th\u00e0nh ph\u1ed1.\" \/>\n<meta property=\"og:url\" content=\"https:\/\/grandplazahanoi.com\/vi\/vi-tri\/\" \/>\n<meta property=\"og:site_name\" content=\"Grand Plaza Hotel Hanoi\" \/>\n<meta property=\"article:publisher\" content=\"https:\/\/www.facebook.com\/grandplazahotelhanoi\/\" \/>\n<meta property=\"article:modified_time\" content=\"2026-03-19T02:15:41+00:00\" \/>\n<meta property=\"og:image\" content=\"https:\/\/grandplazahanoi.com\/wp-content\/uploads\/2026\/02\/Anh-share-mac-dinh.webp\" \/>\n\t<meta property=\"og:image:width\" content=\"900\" \/>\n\t<meta property=\"og:image:height\" content=\"675\" \/>\n\t<meta property=\"og:image:type\" content=\"image\/webp\" \/>\n<meta name=\"twitter:card\" content=\"summary_large_image\" \/>\n<meta name=\"twitter:label1\" content=\"Est. reading time\" \/>\n\t<meta name=\"twitter:data1\" content=\"1 minute\" \/>\n<script type=\"application\/ld+json\" class=\"yoast-schema-graph\">{\"@context\":\"https:\\\/\\\/schema.org\",\"@graph\":[{\"@type\":\"WebPage\",\"@id\":\"https:\\\/\\\/grandplazahanoi.com\\\/vi\\\/vi-tri\\\/\",\"url\":\"https:\\\/\\\/grandplazahanoi.com\\\/vi\\\/vi-tri\\\/\",\"name\":\"V\u1ecb tr\u00ed - Grand Plaza Hotel Hanoi\",\"isPartOf\":{\"@id\":\"https:\\\/\\\/grandplazahanoi.com\\\/vi\\\/#website\"},\"datePublished\":\"2026-02-04T02:03:53+00:00\",\"dateModified\":\"2026-03-19T02:15:41+00:00\",\"breadcrumb\":{\"@id\":\"https:\\\/\\\/grandplazahanoi.com\\\/vi\\\/vi-tri\\\/#breadcrumb\"},\"inLanguage\":\"vi-VN\",\"potentialAction\":[{\"@type\":\"ReadAction\",\"target\":[\"https:\\\/\\\/grandplazahanoi.com\\\/vi\\\/vi-tri\\\/\"]}]},{\"@type\":\"BreadcrumbList\",\"@id\":\"https:\\\/\\\/grandplazahanoi.com\\\/vi\\\/vi-tri\\\/#breadcrumb\",\"itemListElement\":[{\"@type\":\"ListItem\",\"position\":1,\"name\":\"Trang ch\u1ee7\",\"item\":\"https:\\\/\\\/grandplazahanoi.com\\\/vi\\\/\"},{\"@type\":\"ListItem\",\"position\":2,\"name\":\"V\u1ecb tr\u00ed\"}]},{\"@type\":\"WebSite\",\"@id\":\"https:\\\/\\\/grandplazahanoi.com\\\/vi\\\/#website\",\"url\":\"https:\\\/\\\/grandplazahanoi.com\\\/vi\\\/\",\"name\":\"Grand Plaza Hotel\",\"description\":\"Grand Plaza Hanoi stands as a beacon of sophistication and comfort in Vietnam\u2019s vibrant capital\",\"publisher\":{\"@id\":\"https:\\\/\\\/grandplazahanoi.com\\\/vi\\\/#organization\"},\"potentialAction\":[{\"@type\":\"SearchAction\",\"target\":{\"@type\":\"EntryPoint\",\"urlTemplate\":\"https:\\\/\\\/grandplazahanoi.com\\\/vi\\\/?s={search_term_string}\"},\"query-input\":{\"@type\":\"PropertyValueSpecification\",\"valueRequired\":true,\"valueName\":\"search_term_string\"}}],\"inLanguage\":\"vi-VN\"},{\"@type\":\"Organization\",\"@id\":\"https:\\\/\\\/grandplazahanoi.com\\\/vi\\\/#organization\",\"name\":\"Grand Plaza Hotel\",\"url\":\"https:\\\/\\\/grandplazahanoi.com\\\/vi\\\/\",\"logo\":{\"@type\":\"ImageObject\",\"inLanguage\":\"vi-VN\",\"@id\":\"https:\\\/\\\/grandplazahanoi.com\\\/vi\\\/#\\\/schema\\\/logo\\\/image\\\/\",\"url\":\"https:\\\/\\\/grandplazahanoi.com\\\/wp-content\\\/uploads\\\/2026\\\/02\\\/h_logo.svg\",\"contentUrl\":\"https:\\\/\\\/grandplazahanoi.com\\\/wp-content\\\/uploads\\\/2026\\\/02\\\/h_logo.svg\",\"width\":655,\"height\":500,\"caption\":\"Grand Plaza Hotel\"},\"image\":{\"@id\":\"https:\\\/\\\/grandplazahanoi.com\\\/vi\\\/#\\\/schema\\\/logo\\\/image\\\/\"},\"sameAs\":[\"https:\\\/\\\/www.facebook.com\\\/grandplazahotelhanoi\\\/\"]}]}<\/script>\n<!-- \/ Yoast SEO plugin. -->","yoast_head_json":{"title":"V\u1ecb tr\u00ed - Grand Plaza Hotel Hanoi","robots":{"index":"index","follow":"follow","max-snippet":"max-snippet:-1","max-image-preview":"max-image-preview:large","max-video-preview":"max-video-preview:-1"},"canonical":"https:\/\/grandplazahanoi.com\/vi\/vi-tri\/","og_locale":"vi_VN","og_type":"article","og_title":"V\u1ecb tr\u00ed - Grand Plaza Hotel Hanoi","og_description":"T\u1ecda l\u1ea1c thu\u1eadn ti\u1ec7n t\u1ea1i trung t\u00e2m H\u00e0 N\u1ed9i, Grand Plaza Hotel Hanoi mang \u0111\u1ebfn kh\u1ea3 n\u0103ng k\u1ebft n\u1ed1i d\u1ec5 d\u00e0ng \u0111\u1ebfn c\u00e1c khu v\u1ef1c kinh doanh, mua s\u1eafm v\u00e0 c\u00e1c \u0111i\u1ec3m tham quan v\u0103n h\u00f3a c\u1ee7a th\u00e0nh ph\u1ed1.","og_url":"https:\/\/grandplazahanoi.com\/vi\/vi-tri\/","og_site_name":"Grand Plaza Hotel Hanoi","article_publisher":"https:\/\/www.facebook.com\/grandplazahotelhanoi\/","article_modified_time":"2026-03-19T02:15:41+00:00","og_image":[{"width":900,"height":675,"url":"https:\/\/grandplazahanoi.com\/wp-content\/uploads\/2026\/02\/Anh-share-mac-dinh.webp","type":"image\/webp"}],"twitter_card":"summary_large_image","twitter_misc":{"Est. reading time":"1 minute"},"schema":{"@context":"https:\/\/schema.org","@graph":[{"@type":"WebPage","@id":"https:\/\/grandplazahanoi.com\/vi\/vi-tri\/","url":"https:\/\/grandplazahanoi.com\/vi\/vi-tri\/","name":"V\u1ecb tr\u00ed - Grand Plaza Hotel Hanoi","isPartOf":{"@id":"https:\/\/grandplazahanoi.com\/vi\/#website"},"datePublished":"2026-02-04T02:03:53+00:00","dateModified":"2026-03-19T02:15:41+00:00","breadcrumb":{"@id":"https:\/\/grandplazahanoi.com\/vi\/vi-tri\/#breadcrumb"},"inLanguage":"vi-VN","potentialAction":[{"@type":"ReadAction","target":["https:\/\/grandplazahanoi.com\/vi\/vi-tri\/"]}]},{"@type":"BreadcrumbList","@id":"https:\/\/grandplazahanoi.com\/vi\/vi-tri\/#breadcrumb","itemListElement":[{"@type":"ListItem","position":1,"name":"Trang ch\u1ee7","item":"https:\/\/grandplazahanoi.com\/vi\/"},{"@type":"ListItem","position":2,"name":"V\u1ecb tr\u00ed"}]},{"@type":"WebSite","@id":"https:\/\/grandplazahanoi.com\/vi\/#website","url":"https:\/\/grandplazahanoi.com\/vi\/","name":"Grand Plaza Hotel","description":"Grand Plaza Hanoi stands as a beacon of sophistication and comfort in Vietnam\u2019s vibrant capital","publisher":{"@id":"https:\/\/grandplazahanoi.com\/vi\/#organization"},"potentialAction":[{"@type":"SearchAction","target":{"@type":"EntryPoint","urlTemplate":"https:\/\/grandplazahanoi.com\/vi\/?s={search_term_string}"},"query-input":{"@type":"PropertyValueSpecification","valueRequired":true,"valueName":"search_term_string"}}],"inLanguage":"vi-VN"},{"@type":"Organization","@id":"https:\/\/grandplazahanoi.com\/vi\/#organization","name":"Grand Plaza Hotel","url":"https:\/\/grandplazahanoi.com\/vi\/","logo":{"@type":"ImageObject","inLanguage":"vi-VN","@id":"https:\/\/grandplazahanoi.com\/vi\/#\/schema\/logo\/image\/","url":"https:\/\/grandplazahanoi.com\/wp-content\/uploads\/2026\/02\/h_logo.svg","contentUrl":"https:\/\/grandplazahanoi.com\/wp-content\/uploads\/2026\/02\/h_logo.svg","width":655,"height":500,"caption":"Grand Plaza Hotel"},"image":{"@id":"https:\/\/grandplazahanoi.com\/vi\/#\/schema\/logo\/image\/"},"sameAs":["https:\/\/www.facebook.com\/grandplazahotelhanoi\/"]}]}},"_links":{"self":[{"href":"https:\/\/grandplazahanoi.com\/vi\/wp-json\/wp\/v2\/pages\/2293","targetHints":{"allow":["GET"]}}],"collection":[{"href":"https:\/\/grandplazahanoi.com\/vi\/wp-json\/wp\/v2\/pages"}],"about":[{"href":"https:\/\/grandplazahanoi.com\/vi\/wp-json\/wp\/v2\/types\/page"}],"author":[{"embeddable":true,"href":"https:\/\/grandplazahanoi.com\/vi\/wp-json\/wp\/v2\/users\/1"}],"replies":[{"embeddable":true,"href":"https:\/\/grandplazahanoi.com\/vi\/wp-json\/wp\/v2\/comments?post=2293"}],"version-history":[{"count":0,"href":"https:\/\/grandplazahanoi.com\/vi\/wp-json\/wp\/v2\/pages\/2293\/revisions"}],"wp:attachment":[{"href":"https:\/\/grandplazahanoi.com\/vi\/wp-json\/wp\/v2\/media?parent=2293"}],"curies":[{"name":"wp","href":"https:\/\/api.w.org\/{rel}","templated":true}]}}