{"id":2289,"date":"2026-01-20T07:21:22","date_gmt":"2026-01-20T00:21:22","guid":{"rendered":"https:\/\/grandplazahanoi.com\/?page_id=2289"},"modified":"2026-03-19T09:23:16","modified_gmt":"2026-03-19T02:23:16","slug":"chinh-sach-quyen-rieng-tu","status":"publish","type":"page","link":"https:\/\/grandplazahanoi.com\/vi\/chinh-sach-quyen-rieng-tu\/","title":{"rendered":"Ch\u00ednh s\u00e1ch quy\u1ec1n ri\u00eang t\u01b0"},"content":{"rendered":"<p><em>(\u00c1p d\u1ee5ng cho CV Resort &amp; Kh\u00e1ch s\u1ea1n Grand Plaza H\u00e0 N\u1ed9i)<\/em><\/p>\n<p>Ch\u00fang t\u00f4i cam k\u1ebft \u0111\u1ea3m b\u1ea3o m\u1ecdi kh\u00e1ch truy c\u1eadp \u0111\u1ec1u c\u1ea3m th\u1ea5y an to\u00e0n, tin t\u01b0\u1edfng v\u00e0 b\u1ea3o m\u1eadt khi truy c\u1eadp v\u00e0 s\u1eed d\u1ee5ng website \u0111\u1ec3 t\u00ecm hi\u1ec3u, l\u00ean k\u1ebf ho\u1ea1ch v\u00e0 \u0111\u1eb7t ph\u00f2ng t\u1ea1i Resort v\u00e0 Kh\u00e1ch s\u1ea1n c\u1ee7a ch\u00fang t\u00f4i. Vi\u1ec7c b\u1ea3o v\u1ec7 th\u00f4ng tin c\u00e1 nh\u00e2n c\u1ee7a b\u1ea1n l\u00e0 m\u1ed9t trong nh\u1eefng \u01b0u ti\u00ean h\u00e0ng \u0111\u1ea7u c\u1ee7a ch\u00fang t\u00f4i.<\/p>\n<p>T\u1ea5t c\u1ea3 d\u1eef li\u1ec7u c\u00e1 nh\u00e2n \u0111\u01b0\u1ee3c cung c\u1ea5p th\u00f4ng qua website \u0111\u1ec1u \u0111\u01b0\u1ee3c x\u1eed l\u00fd v\u1edbi t\u00ednh b\u1ea3o m\u1eadt cao v\u00e0 \u0111\u01b0\u1ee3c b\u1ea3o v\u1ec7 b\u1eb1ng c\u00e1c c\u00f4ng ngh\u1ec7 b\u1ea3o m\u1eadt \u0111\u1ea1t ti\u00eau chu\u1ea9n ng\u00e0nh. Ch\u00ednh s\u00e1ch B\u1ea3o m\u1eadt v\u00e0 An to\u00e0n Th\u00f4ng tin n\u00e0y gi\u1ea3i th\u00edch c\u00e1ch ch\u00fang t\u00f4i thu th\u1eadp, s\u1eed d\u1ee5ng, l\u01b0u tr\u1eef v\u00e0 b\u1ea3o v\u1ec7 th\u00f4ng tin c\u1ee7a b\u1ea1n.<\/p>\n<h3>\u0110\u1eb7t ph\u00f2ng an to\u00e0n<\/h3>\n<p>Khi b\u1ea1n l\u1ef1a ch\u1ecdn \u0111\u1eb7t ph\u00f2ng tr\u1ef1c tuy\u1ebfn th\u00f4ng qua website c\u1ee7a ch\u00fang t\u00f4i, b\u1ea1n c\u00f3 th\u1ec3 \u0111\u01b0\u1ee3c chuy\u1ec3n \u0111\u1ebfn m\u1ed9t n\u1ec1n t\u1ea3ng \u0111\u1eb7t ph\u00f2ng b\u00ean th\u1ee9 ba (\u201cBooking Engine\u201d). Quy tr\u00ecnh \u0111\u1eb7t ph\u00f2ng tr\u1ef1c tuy\u1ebfn c\u1ee7a ch\u00fang t\u00f4i \u0111\u01b0\u1ee3c v\u1eadn h\u00e0nh b\u1edfi Siteminder nh\u1eb1m \u0111\u1ea3m b\u1ea3o ti\u00eau chu\u1ea9n b\u1ea3o m\u1eadt cao nh\u1ea5t, v\u00e0 ch\u1ecbu s\u1ef1 \u0111i\u1ec1u ch\u1ec9nh b\u1edfi ch\u00ednh s\u00e1ch b\u1ea3o m\u1eadt ri\u00eang c\u1ee7a n\u1ec1n t\u1ea3ng n\u00e0y.<\/p>\n<p>Ch\u00fang t\u00f4i l\u1ef1a ch\u1ecdn k\u1ef9 l\u01b0\u1ee1ng c\u00e1c \u0111\u1ed1i t\u00e1c \u0111\u1eb7t ph\u00f2ng \u0111\u1ec3 \u0111\u1ea3m b\u1ea3o h\u1ecd duy tr\u00ec ti\u00eau chu\u1ea9n cao v\u1ec1 b\u1ea3o m\u1eadt v\u00e0 b\u1ea3o v\u1ec7 d\u1eef li\u1ec7u. Tuy nhi\u00ean, ch\u00fang t\u00f4i khuy\u1ebfn kh\u00edch ng\u01b0\u1eddi d\u00f9ng xem x\u00e9t ch\u00ednh s\u00e1ch b\u1ea3o m\u1eadt c\u1ee7a c\u00e1c b\u00ean th\u1ee9 ba tr\u01b0\u1edbc khi cung c\u1ea5p th\u00f4ng tin c\u00e1 nh\u00e2n.<\/p>\n<h3>B\u1ea3o v\u1ec7 th\u00f4ng tin c\u1ee7a b\u1ea1n<\/h3>\n<p>Ch\u00fang t\u00f4i cam k\u1ebft b\u1ea3o v\u1ec7 th\u00f4ng tin c\u00e1 nh\u00e2n c\u1ee7a b\u1ea1n kh\u1ecfi truy c\u1eadp tr\u00e1i ph\u00e9p, s\u1eed d\u1ee5ng sai m\u1ee5c \u0111\u00edch, m\u1ea5t m\u00e1t, thay \u0111\u1ed5i ho\u1eb7c ti\u1ebft l\u1ed9. Website c\u1ee7a ch\u00fang t\u00f4i \u0111\u01b0\u1ee3c l\u01b0u tr\u1eef trong m\u00f4i tr\u01b0\u1eddng an to\u00e0n v\u00e0 \u0111\u01b0\u1ee3c h\u1ed7 tr\u1ee3 b\u1edfi c\u00e1c bi\u1ec7n ph\u00e1p k\u1ef9 thu\u1eadt v\u00e0 t\u1ed5 ch\u1ee9c ti\u00ean ti\u1ebfn.<\/p>\n<p>C\u00e1c bi\u1ec7n ph\u00e1p n\u00e0y bao g\u1ed3m truy\u1ec1n d\u1eef li\u1ec7u \u0111\u01b0\u1ee3c m\u00e3 h\u00f3a, m\u00e1y ch\u1ee7 b\u1ea3o m\u1eadt, t\u01b0\u1eddng l\u1eeda \u0111\u1ea1t ti\u00eau chu\u1ea9n ng\u00e0nh v\u00e0 c\u00f4ng ngh\u1ec7 Secure Socket Layer (SSL). M\u1ed7i khi b\u1ea1n cung c\u1ea5p th\u00f4ng tin c\u00e1 nh\u00e2n trong qu\u00e1 tr\u00ecnh \u0111\u1eb7t ph\u00f2ng, \u0111\u0103ng k\u00fd ho\u1eb7c \u0111\u0103ng k\u00fd email, d\u1eef li\u1ec7u c\u1ee7a b\u1ea1n s\u1ebd \u0111\u01b0\u1ee3c truy\u1ec1n v\u00e0 b\u1ea3o v\u1ec7 m\u1ed9t c\u00e1ch an to\u00e0n.<\/p>\n<p>B\u1ea1n c\u00f3 quy\u1ec1n r\u00fat l\u1ea1i s\u1ef1 \u0111\u1ed3ng \u00fd b\u1ea5t c\u1ee9 l\u00fac n\u00e0o. N\u1ebfu b\u1ea1n kh\u00f4ng c\u00f2n mu\u1ed1n nh\u1eadn th\u00f4ng tin ti\u1ebfp th\u1ecb ho\u1eb7c mu\u1ed1n ch\u00fang t\u00f4i ng\u1eebng s\u1eed d\u1ee5ng th\u00f4ng tin c\u00e1 nh\u00e2n cho m\u1ed9t s\u1ed1 m\u1ee5c \u0111\u00edch nh\u1ea5t \u0111\u1ecbnh, b\u1ea1n c\u00f3 th\u1ec3 li\u00ean h\u1ec7 qua email ho\u1eb7c nh\u1ea5n v\u00e0o li\u00ean k\u1ebft \u201cH\u1ee7y \u0111\u0103ng k\u00fd\u201d trong c\u00e1c th\u00f4ng tin li\u00ean l\u1ea1c c\u1ee7a ch\u00fang t\u00f4i.<\/p>\n<h3>Cam k\u1ebft v\u1ec1 quy\u1ec1n ri\u00eang t\u01b0<\/h3>\n<p>Ch\u00fang t\u00f4i t\u00f4n tr\u1ecdng quy\u1ec1n ri\u00eang t\u01b0 c\u1ee7a b\u1ea1n v\u00e0 cam k\u1ebft duy tr\u00ec t\u00ednh b\u1ea3o m\u1eadt c\u1ee7a th\u00f4ng tin c\u00e1 nh\u00e2n. Ch\u00ednh s\u00e1ch n\u00e0y c\u00f3 th\u1ec3 \u0111\u01b0\u1ee3c c\u1eadp nh\u1eadt theo th\u1eddi gian nh\u1eb1m ph\u1ea3n \u00e1nh nh\u1eefng thay \u0111\u1ed5i trong ho\u1ea1t \u0111\u1ed9ng, y\u00eau c\u1ea7u ph\u00e1p l\u00fd ho\u1eb7c ti\u1ebfn b\u1ed9 c\u00f4ng ngh\u1ec7.<\/p>\n<p>M\u1ecdi c\u1eadp nh\u1eadt s\u1ebd \u0111\u01b0\u1ee3c \u0111\u0103ng t\u1ea3i tr\u00ean website, v\u00e0 ch\u00fang t\u00f4i khuy\u1ebfn kh\u00edch b\u1ea1n th\u01b0\u1eddng xuy\u00ean xem l\u1ea1i ch\u00ednh s\u00e1ch n\u00e0y. Ch\u00fang t\u00f4i kh\u00f4ng ti\u1ebft l\u1ed9 th\u00f4ng tin c\u00e1 nh\u00e2n c\u00f3 th\u1ec3 nh\u1eadn di\u1ec7n c\u1ee7a b\u1ea1n cho b\u1ea5t k\u1ef3 b\u00ean th\u1ee9 ba n\u00e0o n\u1ebfu kh\u00f4ng c\u00f3 s\u1ef1 \u0111\u1ed3ng \u00fd c\u1ee7a b\u1ea1n, tr\u1eeb khi c\u00f3 y\u00eau c\u1ea7u t\u1eeb ph\u00e1p lu\u1eadt.<\/p>\n<h3>Th\u00f4ng tin ch\u00fang t\u00f4i thu th\u1eadp &amp; c\u00e1ch s\u1eed d\u1ee5ng<\/h3>\n<p>Th\u00f4ng tin c\u00e1 nh\u00e2n l\u00e0 d\u1eef li\u1ec7u b\u1ea1n t\u1ef1 nguy\u1ec7n cung c\u1ea5p khi s\u1eed d\u1ee5ng website v\u00e0 d\u1ecbch v\u1ee5 c\u1ee7a ch\u00fang t\u00f4i, bao g\u1ed3m: h\u1ecd t\u00ean, email, s\u1ed1 \u0111i\u1ec7n tho\u1ea1i, \u0111\u1ecba ch\u1ec9 li\u00ean h\u1ec7.<\/p>\n<p>Th\u00f4ng tin n\u00e0y \u0111\u01b0\u1ee3c thu th\u1eadp d\u01b0\u1edbi d\u1ea1ng t\u1ed5ng h\u1ee3p v\u00e0 kh\u00f4ng nh\u1eb1m m\u1ee5c \u0111\u00edch nh\u1eadn di\u1ec7n c\u00e1 nh\u00e2n c\u1ee5 th\u1ec3.<\/p>\n<p>Ch\u00fang t\u00f4i s\u1eed d\u1ee5ng th\u00f4ng tin \u0111\u1ec3 cung c\u1ea5p v\u00e0 c\u1ea3i thi\u1ec7n d\u1ecbch v\u1ee5, bao g\u1ed3m x\u1eed l\u00fd \u0111\u1eb7t ph\u00f2ng, qu\u1ea3n l\u00fd t\u00e0i kho\u1ea3n kh\u00e1ch h\u00e0ng, ph\u1ea3n h\u1ed3i y\u00eau c\u1ea7u, cung c\u1ea5p d\u1ecbch v\u1ee5 v\u00e0 c\u00e1 nh\u00e2n h\u00f3a tr\u1ea3i nghi\u1ec7m.<\/p>\n<p>Th\u00f4ng tin c\u1ee7a b\u1ea1n c\u0169ng c\u00f3 th\u1ec3 \u0111\u01b0\u1ee3c s\u1eed d\u1ee5ng cho m\u1ee5c \u0111\u00edch ti\u1ebfp th\u1ecb nh\u01b0 g\u1eedi b\u1ea3n tin, \u01b0u \u0111\u00e3i, kh\u1ea3o s\u00e1t v\u00e0 c\u1eadp nh\u1eadt d\u1ecbch v\u1ee5, v\u1edbi \u0111i\u1ec1u ki\u1ec7n b\u1ea1n \u0111\u00e3 \u0111\u1ed3ng \u00fd. T\u1ea5t c\u1ea3 th\u00f4ng tin ti\u1ebfp th\u1ecb \u0111\u1ec1u c\u00f3 t\u00f9y ch\u1ecdn h\u1ee7y \u0111\u0103ng k\u00fd b\u1ea5t c\u1ee9 l\u00fac n\u00e0o.<\/p>\n<h3>S\u1ef1 \u0111\u1ed3ng \u00fd s\u1eed d\u1ee5ng th\u00f4ng tin<\/h3>\n<p>Khi b\u1ea1n cung c\u1ea5p th\u00f4ng tin c\u00e1 nh\u00e2n qua website, b\u1ea1n \u0111\u1ed3ng \u00fd v\u1edbi vi\u1ec7c thu th\u1eadp, s\u1eed d\u1ee5ng v\u00e0 x\u1eed l\u00fd d\u1eef li\u1ec7u theo Ch\u00ednh s\u00e1ch n\u00e0y.<\/p>\n<p>M\u1ee5c \u0111\u00edch thu th\u1eadp d\u1eef li\u1ec7u s\u1ebd \u0111\u01b0\u1ee3c th\u00f4ng b\u00e1o r\u00f5 t\u1ea1i th\u1eddi \u0111i\u1ec3m b\u1ea1n cung c\u1ea5p th\u00f4ng tin. N\u1ebfu b\u1ea1n kh\u00f4ng \u0111\u1ed3ng \u00fd, vui l\u00f2ng kh\u00f4ng cung c\u1ea5p th\u00f4ng tin c\u00e1 nh\u00e2n.<\/p>\n<h3>Quy\u1ec1n ri\u00eang t\u01b0 c\u1ee7a tr\u1ebb em<\/h3>\n<p>Website c\u1ee7a ch\u00fang t\u00f4i kh\u00f4ng d\u00e0nh cho ng\u01b0\u1eddi d\u01b0\u1edbi 18 tu\u1ed5i. Ch\u00fang t\u00f4i kh\u00f4ng c\u1ed1 \u00fd thu th\u1eadp th\u00f4ng tin c\u00e1 nh\u00e2n t\u1eeb tr\u1ebb v\u1ecb th\u00e0nh ni\u00ean.<\/p>\n<p>N\u1ebfu ph\u00e1t hi\u1ec7n c\u00f3 d\u1eef li\u1ec7u t\u1eeb ng\u01b0\u1eddi d\u01b0\u1edbi 18 tu\u1ed5i, ch\u00fang t\u00f4i s\u1ebd x\u00f3a ngay l\u1eadp t\u1ee9c.<\/p>\n<h3>Li\u00ean k\u1ebft \u0111\u1ebfn website kh\u00e1c<\/h3>\n<p>Website c\u1ee7a ch\u00fang t\u00f4i c\u00f3 th\u1ec3 ch\u1ee9a li\u00ean k\u1ebft \u0111\u1ebfn c\u00e1c website b\u00ean th\u1ee9 ba \u0111\u1ec3 thu\u1eadn ti\u1ec7n cho b\u1ea1n.<\/p>\n<p>Ch\u00fang t\u00f4i kh\u00f4ng ch\u1ecbu tr\u00e1ch nhi\u1ec7m v\u1ec1 n\u1ed9i dung, b\u1ea3o m\u1eadt ho\u1eb7c ch\u00ednh s\u00e1ch quy\u1ec1n ri\u00eang t\u01b0 c\u1ee7a c\u00e1c website n\u00e0y. B\u1ea1n n\u00ean xem k\u1ef9 ch\u00ednh s\u00e1ch c\u1ee7a t\u1eebng website tr\u01b0\u1edbc khi cung c\u1ea5p th\u00f4ng tin c\u00e1 nh\u00e2n.<\/p>\n<h3>C\u1eadp nh\u1eadt ch\u00ednh s\u00e1ch &amp; th\u00f4ng tin li\u00ean h\u1ec7<\/h3>\n<p>Ch\u00fang t\u00f4i c\u00f3 quy\u1ec1n \u0111i\u1ec1u ch\u1ec9nh Ch\u00ednh s\u00e1ch n\u00e0y b\u1ea5t c\u1ee9 l\u00fac n\u00e0o. M\u1ecdi thay \u0111\u1ed5i s\u1ebd \u0111\u01b0\u1ee3c c\u00f4ng b\u1ed1 tr\u00ean trang n\u00e0y v\u00e0 ch\u1ec9 c\u00f3 hi\u1ec7u l\u1ef1c t\u1eeb th\u1eddi \u0111i\u1ec3m c\u1eadp nh\u1eadt, kh\u00f4ng \u00e1p d\u1ee5ng h\u1ed3i t\u1ed1.<\/p>\n<p>N\u1ebfu b\u1ea1n c\u00f3 b\u1ea5t k\u1ef3 c\u00e2u h\u1ecfi ho\u1eb7c y\u00eau c\u1ea7u n\u00e0o li\u00ean quan \u0111\u1ebfn Ch\u00ednh s\u00e1ch n\u00e0y ho\u1eb7c vi\u1ec7c x\u1eed l\u00fd d\u1eef li\u1ec7u c\u00e1 nh\u00e2n, vui l\u00f2ng li\u00ean h\u1ec7:<\/p>\n<p><strong>Grand Plaza Hotel Hanoi<\/strong><\/p>\n<ul>\n<li>\u0110\u1ecba ch\u1ec9: 117 Tr\u1ea7n Duy H\u01b0ng, ph\u01b0\u1eddng Y\u00ean H\u00f2a, H\u00e0 N\u1ed9i<\/li>\n<li>Email: reservation@grandplazahanoi.com<\/li>\n<li>Hotline: +84 24 3555 1000<\/li>\n<\/ul>\n","protected":false},"excerpt":{"rendered":"<p>(\u00c1p d\u1ee5ng cho CV Resort &amp; Kh\u00e1ch s\u1ea1n Grand Plaza H\u00e0 N\u1ed9i) Ch\u00fang t\u00f4i cam k\u1ebft \u0111\u1ea3m b\u1ea3o m\u1ecdi kh\u00e1ch truy c\u1eadp \u0111\u1ec1u c\u1ea3m th\u1ea5y an to\u00e0n, tin t\u01b0\u1edfng v\u00e0 b\u1ea3o m\u1eadt khi truy c\u1eadp v\u00e0 s\u1eed d\u1ee5ng website \u0111\u1ec3 t\u00ecm hi\u1ec3u, l\u00ean k\u1ebf ho\u1ea1ch v\u00e0 \u0111\u1eb7t ph\u00f2ng t\u1ea1i Resort v\u00e0 Kh\u00e1ch s\u1ea1n c\u1ee7a ch\u00fang [&hellip;]<\/p>\n","protected":false},"author":1,"featured_media":0,"parent":0,"menu_order":0,"comment_status":"closed","ping_status":"closed","template":"","meta":{"_acf_changed":false,"inline_featured_image":false,"footnotes":""},"class_list":["post-2289","page","type-page","status-publish","hentry"],"acf":[],"yoast_head":"<!-- This site is optimized with the Yoast SEO plugin v27.3 - https:\/\/yoast.com\/product\/yoast-seo-wordpress\/ -->\n<title>Ch\u00ednh s\u00e1ch quy\u1ec1n ri\u00eang t\u01b0 - Grand Plaza Hotel Hanoi<\/title>\n<meta name=\"robots\" content=\"index, follow, max-snippet:-1, max-image-preview:large, max-video-preview:-1\" \/>\n<link rel=\"canonical\" href=\"https:\/\/grandplazahanoi.com\/vi\/chinh-sach-quyen-rieng-tu\/\" \/>\n<meta property=\"og:locale\" content=\"vi_VN\" \/>\n<meta property=\"og:type\" content=\"article\" \/>\n<meta property=\"og:title\" content=\"Ch\u00ednh s\u00e1ch quy\u1ec1n ri\u00eang t\u01b0 - Grand Plaza Hotel Hanoi\" \/>\n<meta property=\"og:description\" content=\"(\u00c1p d\u1ee5ng cho CV Resort &amp; Kh\u00e1ch s\u1ea1n Grand Plaza H\u00e0 N\u1ed9i) Ch\u00fang t\u00f4i cam k\u1ebft \u0111\u1ea3m b\u1ea3o m\u1ecdi kh\u00e1ch truy c\u1eadp \u0111\u1ec1u c\u1ea3m th\u1ea5y an to\u00e0n, tin t\u01b0\u1edfng v\u00e0 b\u1ea3o m\u1eadt khi truy c\u1eadp v\u00e0 s\u1eed d\u1ee5ng website \u0111\u1ec3 t\u00ecm hi\u1ec3u, l\u00ean k\u1ebf ho\u1ea1ch v\u00e0 \u0111\u1eb7t ph\u00f2ng t\u1ea1i Resort v\u00e0 Kh\u00e1ch s\u1ea1n c\u1ee7a ch\u00fang [&hellip;]\" \/>\n<meta property=\"og:url\" content=\"https:\/\/grandplazahanoi.com\/vi\/chinh-sach-quyen-rieng-tu\/\" \/>\n<meta property=\"og:site_name\" content=\"Grand Plaza Hotel Hanoi\" \/>\n<meta property=\"article:publisher\" content=\"https:\/\/www.facebook.com\/grandplazahotelhanoi\/\" \/>\n<meta property=\"article:modified_time\" content=\"2026-03-19T02:23:16+00:00\" \/>\n<meta property=\"og:image\" content=\"https:\/\/grandplazahanoi.com\/wp-content\/uploads\/2026\/02\/Anh-share-mac-dinh.webp\" \/>\n\t<meta property=\"og:image:width\" content=\"900\" \/>\n\t<meta property=\"og:image:height\" content=\"675\" \/>\n\t<meta property=\"og:image:type\" content=\"image\/webp\" \/>\n<meta name=\"twitter:card\" content=\"summary_large_image\" \/>\n<meta name=\"twitter:label1\" content=\"Est. reading time\" \/>\n\t<meta name=\"twitter:data1\" content=\"5 minutes\" \/>\n<script type=\"application\/ld+json\" class=\"yoast-schema-graph\">{\"@context\":\"https:\\\/\\\/schema.org\",\"@graph\":[{\"@type\":\"WebPage\",\"@id\":\"https:\\\/\\\/grandplazahanoi.com\\\/vi\\\/chinh-sach-quyen-rieng-tu\\\/\",\"url\":\"https:\\\/\\\/grandplazahanoi.com\\\/vi\\\/chinh-sach-quyen-rieng-tu\\\/\",\"name\":\"Ch\u00ednh s\u00e1ch quy\u1ec1n ri\u00eang t\u01b0 - Grand Plaza Hotel Hanoi\",\"isPartOf\":{\"@id\":\"https:\\\/\\\/grandplazahanoi.com\\\/vi\\\/#website\"},\"datePublished\":\"2026-01-20T00:21:22+00:00\",\"dateModified\":\"2026-03-19T02:23:16+00:00\",\"breadcrumb\":{\"@id\":\"https:\\\/\\\/grandplazahanoi.com\\\/vi\\\/chinh-sach-quyen-rieng-tu\\\/#breadcrumb\"},\"inLanguage\":\"vi-VN\",\"potentialAction\":[{\"@type\":\"ReadAction\",\"target\":[\"https:\\\/\\\/grandplazahanoi.com\\\/vi\\\/chinh-sach-quyen-rieng-tu\\\/\"]}]},{\"@type\":\"BreadcrumbList\",\"@id\":\"https:\\\/\\\/grandplazahanoi.com\\\/vi\\\/chinh-sach-quyen-rieng-tu\\\/#breadcrumb\",\"itemListElement\":[{\"@type\":\"ListItem\",\"position\":1,\"name\":\"Trang ch\u1ee7\",\"item\":\"https:\\\/\\\/grandplazahanoi.com\\\/vi\\\/\"},{\"@type\":\"ListItem\",\"position\":2,\"name\":\"Ch\u00ednh s\u00e1ch quy\u1ec1n ri\u00eang t\u01b0\"}]},{\"@type\":\"WebSite\",\"@id\":\"https:\\\/\\\/grandplazahanoi.com\\\/vi\\\/#website\",\"url\":\"https:\\\/\\\/grandplazahanoi.com\\\/vi\\\/\",\"name\":\"Grand Plaza Hotel\",\"description\":\"Grand Plaza Hanoi stands as a beacon of sophistication and comfort in Vietnam\u2019s vibrant capital\",\"publisher\":{\"@id\":\"https:\\\/\\\/grandplazahanoi.com\\\/vi\\\/#organization\"},\"potentialAction\":[{\"@type\":\"SearchAction\",\"target\":{\"@type\":\"EntryPoint\",\"urlTemplate\":\"https:\\\/\\\/grandplazahanoi.com\\\/vi\\\/?s={search_term_string}\"},\"query-input\":{\"@type\":\"PropertyValueSpecification\",\"valueRequired\":true,\"valueName\":\"search_term_string\"}}],\"inLanguage\":\"vi-VN\"},{\"@type\":\"Organization\",\"@id\":\"https:\\\/\\\/grandplazahanoi.com\\\/vi\\\/#organization\",\"name\":\"Grand Plaza Hotel\",\"url\":\"https:\\\/\\\/grandplazahanoi.com\\\/vi\\\/\",\"logo\":{\"@type\":\"ImageObject\",\"inLanguage\":\"vi-VN\",\"@id\":\"https:\\\/\\\/grandplazahanoi.com\\\/vi\\\/#\\\/schema\\\/logo\\\/image\\\/\",\"url\":\"https:\\\/\\\/grandplazahanoi.com\\\/wp-content\\\/uploads\\\/2026\\\/02\\\/h_logo.svg\",\"contentUrl\":\"https:\\\/\\\/grandplazahanoi.com\\\/wp-content\\\/uploads\\\/2026\\\/02\\\/h_logo.svg\",\"width\":655,\"height\":500,\"caption\":\"Grand Plaza Hotel\"},\"image\":{\"@id\":\"https:\\\/\\\/grandplazahanoi.com\\\/vi\\\/#\\\/schema\\\/logo\\\/image\\\/\"},\"sameAs\":[\"https:\\\/\\\/www.facebook.com\\\/grandplazahotelhanoi\\\/\"]}]}<\/script>\n<!-- \/ Yoast SEO plugin. -->","yoast_head_json":{"title":"Ch\u00ednh s\u00e1ch quy\u1ec1n ri\u00eang t\u01b0 - Grand Plaza Hotel Hanoi","robots":{"index":"index","follow":"follow","max-snippet":"max-snippet:-1","max-image-preview":"max-image-preview:large","max-video-preview":"max-video-preview:-1"},"canonical":"https:\/\/grandplazahanoi.com\/vi\/chinh-sach-quyen-rieng-tu\/","og_locale":"vi_VN","og_type":"article","og_title":"Ch\u00ednh s\u00e1ch quy\u1ec1n ri\u00eang t\u01b0 - Grand Plaza Hotel Hanoi","og_description":"(\u00c1p d\u1ee5ng cho CV Resort &amp; Kh\u00e1ch s\u1ea1n Grand Plaza H\u00e0 N\u1ed9i) Ch\u00fang t\u00f4i cam k\u1ebft \u0111\u1ea3m b\u1ea3o m\u1ecdi kh\u00e1ch truy c\u1eadp \u0111\u1ec1u c\u1ea3m th\u1ea5y an to\u00e0n, tin t\u01b0\u1edfng v\u00e0 b\u1ea3o m\u1eadt khi truy c\u1eadp v\u00e0 s\u1eed d\u1ee5ng website \u0111\u1ec3 t\u00ecm hi\u1ec3u, l\u00ean k\u1ebf ho\u1ea1ch v\u00e0 \u0111\u1eb7t ph\u00f2ng t\u1ea1i Resort v\u00e0 Kh\u00e1ch s\u1ea1n c\u1ee7a ch\u00fang [&hellip;]","og_url":"https:\/\/grandplazahanoi.com\/vi\/chinh-sach-quyen-rieng-tu\/","og_site_name":"Grand Plaza Hotel Hanoi","article_publisher":"https:\/\/www.facebook.com\/grandplazahotelhanoi\/","article_modified_time":"2026-03-19T02:23:16+00:00","og_image":[{"width":900,"height":675,"url":"https:\/\/grandplazahanoi.com\/wp-content\/uploads\/2026\/02\/Anh-share-mac-dinh.webp","type":"image\/webp"}],"twitter_card":"summary_large_image","twitter_misc":{"Est. reading time":"5 minutes"},"schema":{"@context":"https:\/\/schema.org","@graph":[{"@type":"WebPage","@id":"https:\/\/grandplazahanoi.com\/vi\/chinh-sach-quyen-rieng-tu\/","url":"https:\/\/grandplazahanoi.com\/vi\/chinh-sach-quyen-rieng-tu\/","name":"Ch\u00ednh s\u00e1ch quy\u1ec1n ri\u00eang t\u01b0 - Grand Plaza Hotel Hanoi","isPartOf":{"@id":"https:\/\/grandplazahanoi.com\/vi\/#website"},"datePublished":"2026-01-20T00:21:22+00:00","dateModified":"2026-03-19T02:23:16+00:00","breadcrumb":{"@id":"https:\/\/grandplazahanoi.com\/vi\/chinh-sach-quyen-rieng-tu\/#breadcrumb"},"inLanguage":"vi-VN","potentialAction":[{"@type":"ReadAction","target":["https:\/\/grandplazahanoi.com\/vi\/chinh-sach-quyen-rieng-tu\/"]}]},{"@type":"BreadcrumbList","@id":"https:\/\/grandplazahanoi.com\/vi\/chinh-sach-quyen-rieng-tu\/#breadcrumb","itemListElement":[{"@type":"ListItem","position":1,"name":"Trang ch\u1ee7","item":"https:\/\/grandplazahanoi.com\/vi\/"},{"@type":"ListItem","position":2,"name":"Ch\u00ednh s\u00e1ch quy\u1ec1n ri\u00eang t\u01b0"}]},{"@type":"WebSite","@id":"https:\/\/grandplazahanoi.com\/vi\/#website","url":"https:\/\/grandplazahanoi.com\/vi\/","name":"Grand Plaza Hotel","description":"Grand Plaza Hanoi stands as a beacon of sophistication and comfort in Vietnam\u2019s vibrant capital","publisher":{"@id":"https:\/\/grandplazahanoi.com\/vi\/#organization"},"potentialAction":[{"@type":"SearchAction","target":{"@type":"EntryPoint","urlTemplate":"https:\/\/grandplazahanoi.com\/vi\/?s={search_term_string}"},"query-input":{"@type":"PropertyValueSpecification","valueRequired":true,"valueName":"search_term_string"}}],"inLanguage":"vi-VN"},{"@type":"Organization","@id":"https:\/\/grandplazahanoi.com\/vi\/#organization","name":"Grand Plaza Hotel","url":"https:\/\/grandplazahanoi.com\/vi\/","logo":{"@type":"ImageObject","inLanguage":"vi-VN","@id":"https:\/\/grandplazahanoi.com\/vi\/#\/schema\/logo\/image\/","url":"https:\/\/grandplazahanoi.com\/wp-content\/uploads\/2026\/02\/h_logo.svg","contentUrl":"https:\/\/grandplazahanoi.com\/wp-content\/uploads\/2026\/02\/h_logo.svg","width":655,"height":500,"caption":"Grand Plaza Hotel"},"image":{"@id":"https:\/\/grandplazahanoi.com\/vi\/#\/schema\/logo\/image\/"},"sameAs":["https:\/\/www.facebook.com\/grandplazahotelhanoi\/"]}]}},"_links":{"self":[{"href":"https:\/\/grandplazahanoi.com\/vi\/wp-json\/wp\/v2\/pages\/2289","targetHints":{"allow":["GET"]}}],"collection":[{"href":"https:\/\/grandplazahanoi.com\/vi\/wp-json\/wp\/v2\/pages"}],"about":[{"href":"https:\/\/grandplazahanoi.com\/vi\/wp-json\/wp\/v2\/types\/page"}],"author":[{"embeddable":true,"href":"https:\/\/grandplazahanoi.com\/vi\/wp-json\/wp\/v2\/users\/1"}],"replies":[{"embeddable":true,"href":"https:\/\/grandplazahanoi.com\/vi\/wp-json\/wp\/v2\/comments?post=2289"}],"version-history":[{"count":0,"href":"https:\/\/grandplazahanoi.com\/vi\/wp-json\/wp\/v2\/pages\/2289\/revisions"}],"wp:attachment":[{"href":"https:\/\/grandplazahanoi.com\/vi\/wp-json\/wp\/v2\/media?parent=2289"}],"curies":[{"name":"wp","href":"https:\/\/api.w.org\/{rel}","templated":true}]}}