{"id":2224,"date":"2026-02-02T16:37:00","date_gmt":"2026-02-02T09:37:00","guid":{"rendered":"https:\/\/grandplazahanoi.com\/?page_id=2224"},"modified":"2026-03-17T10:28:15","modified_gmt":"2026-03-17T03:28:15","slug":"dieu-khoan-dieu-kien","status":"publish","type":"page","link":"https:\/\/grandplazahanoi.com\/vi\/dieu-khoan-dieu-kien\/","title":{"rendered":"\u0110i\u1ec1u kho\u1ea3n &#038; \u0110i\u1ec1u ki\u1ec7n"},"content":{"rendered":"<ul>\n<li>\u0110\u1ed3 u\u1ed1ng ngo\u00e0i c\u00e1c khung gi\u1edd n\u00eau tr\u00ean v\u00e0 c\u00e1c y\u00eau c\u1ea7u g\u1ecdi th\u00eam \u0111\u1ec1u c\u00f3 th\u1ec3 ph\u1ee5c v\u1ee5 theo y\u00eau c\u1ea7u v\u00e0 s\u1ebd \u0111\u01b0\u1ee3c t\u00ednh theo gi\u00e1 ni\u00eam y\u1ebft.<\/li>\n<li>Kh\u00e1ch \u0111i c\u00f9ng s\u1ebd \u0111\u01b0\u1ee3c gi\u1ea3m 20% tr\u00ean gi\u00e1 ni\u00eam y\u1ebft<\/li>\n<li>Tr\u1ebb em d\u01b0\u1edbi 6 tu\u1ed5i \u0111\u01b0\u1ee3c mi\u1ec5n ph\u00ed.<\/li>\n<\/ul>\n","protected":false},"excerpt":{"rendered":"<p>\u0110\u1ed3 u\u1ed1ng ngo\u00e0i c\u00e1c khung gi\u1edd n\u00eau tr\u00ean v\u00e0 c\u00e1c y\u00eau c\u1ea7u g\u1ecdi th\u00eam \u0111\u1ec1u c\u00f3 th\u1ec3 ph\u1ee5c v\u1ee5 theo y\u00eau c\u1ea7u v\u00e0 s\u1ebd \u0111\u01b0\u1ee3c t\u00ednh theo gi\u00e1 ni\u00eam y\u1ebft. Kh\u00e1ch \u0111i c\u00f9ng s\u1ebd \u0111\u01b0\u1ee3c gi\u1ea3m 20% tr\u00ean gi\u00e1 ni\u00eam y\u1ebft Tr\u1ebb em d\u01b0\u1edbi 6 tu\u1ed5i \u0111\u01b0\u1ee3c mi\u1ec5n ph\u00ed.<\/p>\n","protected":false},"author":2,"featured_media":0,"parent":0,"menu_order":0,"comment_status":"closed","ping_status":"closed","template":"","meta":{"_acf_changed":false,"inline_featured_image":false,"footnotes":""},"class_list":["post-2224","page","type-page","status-publish","hentry"],"acf":[],"yoast_head":"<!-- This site is optimized with the Yoast SEO plugin v27.3 - https:\/\/yoast.com\/product\/yoast-seo-wordpress\/ -->\n<title>\u0110i\u1ec1u kho\u1ea3n &amp; \u0110i\u1ec1u ki\u1ec7n - Grand Plaza Hotel Hanoi<\/title>\n<meta name=\"robots\" content=\"index, follow, max-snippet:-1, max-image-preview:large, max-video-preview:-1\" \/>\n<link rel=\"canonical\" href=\"https:\/\/grandplazahanoi.com\/vi\/dieu-khoan-dieu-kien\/\" \/>\n<meta property=\"og:locale\" content=\"vi_VN\" \/>\n<meta property=\"og:type\" content=\"article\" \/>\n<meta property=\"og:title\" content=\"\u0110i\u1ec1u kho\u1ea3n &amp; \u0110i\u1ec1u ki\u1ec7n - Grand Plaza Hotel Hanoi\" \/>\n<meta property=\"og:description\" content=\"\u0110\u1ed3 u\u1ed1ng ngo\u00e0i c\u00e1c khung gi\u1edd n\u00eau tr\u00ean v\u00e0 c\u00e1c y\u00eau c\u1ea7u g\u1ecdi th\u00eam \u0111\u1ec1u c\u00f3 th\u1ec3 ph\u1ee5c v\u1ee5 theo y\u00eau c\u1ea7u v\u00e0 s\u1ebd \u0111\u01b0\u1ee3c t\u00ednh theo gi\u00e1 ni\u00eam y\u1ebft. Kh\u00e1ch \u0111i c\u00f9ng s\u1ebd \u0111\u01b0\u1ee3c gi\u1ea3m 20% tr\u00ean gi\u00e1 ni\u00eam y\u1ebft Tr\u1ebb em d\u01b0\u1edbi 6 tu\u1ed5i \u0111\u01b0\u1ee3c mi\u1ec5n ph\u00ed.\" \/>\n<meta property=\"og:url\" content=\"https:\/\/grandplazahanoi.com\/vi\/dieu-khoan-dieu-kien\/\" \/>\n<meta property=\"og:site_name\" content=\"Grand Plaza Hotel Hanoi\" \/>\n<meta property=\"article:publisher\" content=\"https:\/\/www.facebook.com\/grandplazahotelhanoi\/\" \/>\n<meta property=\"article:modified_time\" content=\"2026-03-17T03:28:15+00:00\" \/>\n<meta property=\"og:image\" content=\"https:\/\/grandplazahanoi.com\/wp-content\/uploads\/2026\/02\/Anh-share-mac-dinh.webp\" \/>\n\t<meta property=\"og:image:width\" content=\"900\" \/>\n\t<meta property=\"og:image:height\" content=\"675\" \/>\n\t<meta property=\"og:image:type\" content=\"image\/webp\" \/>\n<meta name=\"twitter:card\" content=\"summary_large_image\" \/>\n<meta name=\"twitter:label1\" content=\"Est. reading time\" \/>\n\t<meta name=\"twitter:data1\" content=\"1 minute\" \/>\n<script type=\"application\/ld+json\" class=\"yoast-schema-graph\">{\"@context\":\"https:\\\/\\\/schema.org\",\"@graph\":[{\"@type\":\"WebPage\",\"@id\":\"https:\\\/\\\/grandplazahanoi.com\\\/vi\\\/dieu-khoan-dieu-kien\\\/\",\"url\":\"https:\\\/\\\/grandplazahanoi.com\\\/vi\\\/dieu-khoan-dieu-kien\\\/\",\"name\":\"\u0110i\u1ec1u kho\u1ea3n & \u0110i\u1ec1u ki\u1ec7n - Grand Plaza Hotel Hanoi\",\"isPartOf\":{\"@id\":\"https:\\\/\\\/grandplazahanoi.com\\\/vi\\\/#website\"},\"datePublished\":\"2026-02-02T09:37:00+00:00\",\"dateModified\":\"2026-03-17T03:28:15+00:00\",\"breadcrumb\":{\"@id\":\"https:\\\/\\\/grandplazahanoi.com\\\/vi\\\/dieu-khoan-dieu-kien\\\/#breadcrumb\"},\"inLanguage\":\"vi-VN\",\"potentialAction\":[{\"@type\":\"ReadAction\",\"target\":[\"https:\\\/\\\/grandplazahanoi.com\\\/vi\\\/dieu-khoan-dieu-kien\\\/\"]}]},{\"@type\":\"BreadcrumbList\",\"@id\":\"https:\\\/\\\/grandplazahanoi.com\\\/vi\\\/dieu-khoan-dieu-kien\\\/#breadcrumb\",\"itemListElement\":[{\"@type\":\"ListItem\",\"position\":1,\"name\":\"Trang ch\u1ee7\",\"item\":\"https:\\\/\\\/grandplazahanoi.com\\\/vi\\\/\"},{\"@type\":\"ListItem\",\"position\":2,\"name\":\"\u0110i\u1ec1u kho\u1ea3n &#038; \u0110i\u1ec1u ki\u1ec7n\"}]},{\"@type\":\"WebSite\",\"@id\":\"https:\\\/\\\/grandplazahanoi.com\\\/vi\\\/#website\",\"url\":\"https:\\\/\\\/grandplazahanoi.com\\\/vi\\\/\",\"name\":\"Grand Plaza Hotel\",\"description\":\"Grand Plaza Hanoi stands as a beacon of sophistication and comfort in Vietnam\u2019s vibrant capital\",\"publisher\":{\"@id\":\"https:\\\/\\\/grandplazahanoi.com\\\/vi\\\/#organization\"},\"potentialAction\":[{\"@type\":\"SearchAction\",\"target\":{\"@type\":\"EntryPoint\",\"urlTemplate\":\"https:\\\/\\\/grandplazahanoi.com\\\/vi\\\/?s={search_term_string}\"},\"query-input\":{\"@type\":\"PropertyValueSpecification\",\"valueRequired\":true,\"valueName\":\"search_term_string\"}}],\"inLanguage\":\"vi-VN\"},{\"@type\":\"Organization\",\"@id\":\"https:\\\/\\\/grandplazahanoi.com\\\/vi\\\/#organization\",\"name\":\"Grand Plaza Hotel\",\"url\":\"https:\\\/\\\/grandplazahanoi.com\\\/vi\\\/\",\"logo\":{\"@type\":\"ImageObject\",\"inLanguage\":\"vi-VN\",\"@id\":\"https:\\\/\\\/grandplazahanoi.com\\\/vi\\\/#\\\/schema\\\/logo\\\/image\\\/\",\"url\":\"https:\\\/\\\/grandplazahanoi.com\\\/wp-content\\\/uploads\\\/2026\\\/02\\\/h_logo.svg\",\"contentUrl\":\"https:\\\/\\\/grandplazahanoi.com\\\/wp-content\\\/uploads\\\/2026\\\/02\\\/h_logo.svg\",\"width\":655,\"height\":500,\"caption\":\"Grand Plaza Hotel\"},\"image\":{\"@id\":\"https:\\\/\\\/grandplazahanoi.com\\\/vi\\\/#\\\/schema\\\/logo\\\/image\\\/\"},\"sameAs\":[\"https:\\\/\\\/www.facebook.com\\\/grandplazahotelhanoi\\\/\"]}]}<\/script>\n<!-- \/ Yoast SEO plugin. -->","yoast_head_json":{"title":"\u0110i\u1ec1u kho\u1ea3n & \u0110i\u1ec1u ki\u1ec7n - Grand Plaza Hotel Hanoi","robots":{"index":"index","follow":"follow","max-snippet":"max-snippet:-1","max-image-preview":"max-image-preview:large","max-video-preview":"max-video-preview:-1"},"canonical":"https:\/\/grandplazahanoi.com\/vi\/dieu-khoan-dieu-kien\/","og_locale":"vi_VN","og_type":"article","og_title":"\u0110i\u1ec1u kho\u1ea3n & \u0110i\u1ec1u ki\u1ec7n - Grand Plaza Hotel Hanoi","og_description":"\u0110\u1ed3 u\u1ed1ng ngo\u00e0i c\u00e1c khung gi\u1edd n\u00eau tr\u00ean v\u00e0 c\u00e1c y\u00eau c\u1ea7u g\u1ecdi th\u00eam \u0111\u1ec1u c\u00f3 th\u1ec3 ph\u1ee5c v\u1ee5 theo y\u00eau c\u1ea7u v\u00e0 s\u1ebd \u0111\u01b0\u1ee3c t\u00ednh theo gi\u00e1 ni\u00eam y\u1ebft. Kh\u00e1ch \u0111i c\u00f9ng s\u1ebd \u0111\u01b0\u1ee3c gi\u1ea3m 20% tr\u00ean gi\u00e1 ni\u00eam y\u1ebft Tr\u1ebb em d\u01b0\u1edbi 6 tu\u1ed5i \u0111\u01b0\u1ee3c mi\u1ec5n ph\u00ed.","og_url":"https:\/\/grandplazahanoi.com\/vi\/dieu-khoan-dieu-kien\/","og_site_name":"Grand Plaza Hotel Hanoi","article_publisher":"https:\/\/www.facebook.com\/grandplazahotelhanoi\/","article_modified_time":"2026-03-17T03:28:15+00:00","og_image":[{"width":900,"height":675,"url":"https:\/\/grandplazahanoi.com\/wp-content\/uploads\/2026\/02\/Anh-share-mac-dinh.webp","type":"image\/webp"}],"twitter_card":"summary_large_image","twitter_misc":{"Est. reading time":"1 minute"},"schema":{"@context":"https:\/\/schema.org","@graph":[{"@type":"WebPage","@id":"https:\/\/grandplazahanoi.com\/vi\/dieu-khoan-dieu-kien\/","url":"https:\/\/grandplazahanoi.com\/vi\/dieu-khoan-dieu-kien\/","name":"\u0110i\u1ec1u kho\u1ea3n & \u0110i\u1ec1u ki\u1ec7n - Grand Plaza Hotel Hanoi","isPartOf":{"@id":"https:\/\/grandplazahanoi.com\/vi\/#website"},"datePublished":"2026-02-02T09:37:00+00:00","dateModified":"2026-03-17T03:28:15+00:00","breadcrumb":{"@id":"https:\/\/grandplazahanoi.com\/vi\/dieu-khoan-dieu-kien\/#breadcrumb"},"inLanguage":"vi-VN","potentialAction":[{"@type":"ReadAction","target":["https:\/\/grandplazahanoi.com\/vi\/dieu-khoan-dieu-kien\/"]}]},{"@type":"BreadcrumbList","@id":"https:\/\/grandplazahanoi.com\/vi\/dieu-khoan-dieu-kien\/#breadcrumb","itemListElement":[{"@type":"ListItem","position":1,"name":"Trang ch\u1ee7","item":"https:\/\/grandplazahanoi.com\/vi\/"},{"@type":"ListItem","position":2,"name":"\u0110i\u1ec1u kho\u1ea3n &#038; \u0110i\u1ec1u ki\u1ec7n"}]},{"@type":"WebSite","@id":"https:\/\/grandplazahanoi.com\/vi\/#website","url":"https:\/\/grandplazahanoi.com\/vi\/","name":"Grand Plaza Hotel","description":"Grand Plaza Hanoi stands as a beacon of sophistication and comfort in Vietnam\u2019s vibrant capital","publisher":{"@id":"https:\/\/grandplazahanoi.com\/vi\/#organization"},"potentialAction":[{"@type":"SearchAction","target":{"@type":"EntryPoint","urlTemplate":"https:\/\/grandplazahanoi.com\/vi\/?s={search_term_string}"},"query-input":{"@type":"PropertyValueSpecification","valueRequired":true,"valueName":"search_term_string"}}],"inLanguage":"vi-VN"},{"@type":"Organization","@id":"https:\/\/grandplazahanoi.com\/vi\/#organization","name":"Grand Plaza Hotel","url":"https:\/\/grandplazahanoi.com\/vi\/","logo":{"@type":"ImageObject","inLanguage":"vi-VN","@id":"https:\/\/grandplazahanoi.com\/vi\/#\/schema\/logo\/image\/","url":"https:\/\/grandplazahanoi.com\/wp-content\/uploads\/2026\/02\/h_logo.svg","contentUrl":"https:\/\/grandplazahanoi.com\/wp-content\/uploads\/2026\/02\/h_logo.svg","width":655,"height":500,"caption":"Grand Plaza Hotel"},"image":{"@id":"https:\/\/grandplazahanoi.com\/vi\/#\/schema\/logo\/image\/"},"sameAs":["https:\/\/www.facebook.com\/grandplazahotelhanoi\/"]}]}},"_links":{"self":[{"href":"https:\/\/grandplazahanoi.com\/vi\/wp-json\/wp\/v2\/pages\/2224","targetHints":{"allow":["GET"]}}],"collection":[{"href":"https:\/\/grandplazahanoi.com\/vi\/wp-json\/wp\/v2\/pages"}],"about":[{"href":"https:\/\/grandplazahanoi.com\/vi\/wp-json\/wp\/v2\/types\/page"}],"author":[{"embeddable":true,"href":"https:\/\/grandplazahanoi.com\/vi\/wp-json\/wp\/v2\/users\/2"}],"replies":[{"embeddable":true,"href":"https:\/\/grandplazahanoi.com\/vi\/wp-json\/wp\/v2\/comments?post=2224"}],"version-history":[{"count":0,"href":"https:\/\/grandplazahanoi.com\/vi\/wp-json\/wp\/v2\/pages\/2224\/revisions"}],"wp:attachment":[{"href":"https:\/\/grandplazahanoi.com\/vi\/wp-json\/wp\/v2\/media?parent=2224"}],"curies":[{"name":"wp","href":"https:\/\/api.w.org\/{rel}","templated":true}]}}